{"id":958,"date":"2023-01-31T14:44:39","date_gmt":"2023-01-31T12:44:39","guid":{"rendered":"http:\/\/www.musikverein-puchenau.net\/?page_id=958"},"modified":"2023-03-15T17:58:26","modified_gmt":"2023-03-15T15:58:26","slug":"weihnachtsfeier","status":"publish","type":"page","link":"http:\/\/www.musikverein-puchenau.net\/?page_id=958","title":{"rendered":"Weihnachtsfeier 17.12.2022"},"content":{"rendered":"\n<p>Am 17. Dezember 2022 veranstalteten wir unsere Weihnachtsfeier der Jugendkapelle. Als erstes ging es mit dem Zug nach Linz zu den Mission Games wo wir viele spannende R\u00e4tsel in zwei Teams l\u00f6sen konnten. Den Nachmittag lie\u00dfen wir gem\u00fctlich beim Fabio\u00b4s Cecina Italiana &amp; Pizzeria in Puchenau ausklingen. Es war ein lustiger und sch\u00f6ner Nachmittag!<\/p>\n\n\n\n<figure class=\"is-layout-flex wp-block-gallery-1 wp-block-gallery has-nested-images columns-default is-cropped\">\n<figure class=\"wp-block-image size-large\"><a href=\"http:\/\/www.musikverein-puchenau.net\/wp-content\/uploads\/2023\/01\/IMG_5779-scaled.jpg\"><img decoding=\"async\" loading=\"lazy\" width=\"768\" height=\"1024\" data-id=\"928\"  src=\"http:\/\/www.musikverein-puchenau.net\/wp-content\/uploads\/2023\/01\/IMG_5779-768x1024.jpg\" alt=\"\" class=\"wp-image-928\" srcset=\"http:\/\/www.musikverein-puchenau.net\/wp-content\/uploads\/2023\/01\/IMG_5779-768x1024.jpg 768w, http:\/\/www.musikverein-puchenau.net\/wp-content\/uploads\/2023\/01\/IMG_5779-225x300.jpg 225w, http:\/\/www.musikverein-puchenau.net\/wp-content\/uploads\/2023\/01\/IMG_5779-1152x1536.jpg 1152w, http:\/\/www.musikverein-puchenau.net\/wp-content\/uploads\/2023\/01\/IMG_5779-1536x2048.jpg 1536w, http:\/\/www.musikverein-puchenau.net\/wp-content\/uploads\/2023\/01\/IMG_5779-scaled.jpg 1920w\" sizes=\"(max-width: 768px) 100vw, 768px\" \/><\/a><\/figure>\n\n\n\n<figure class=\"wp-block-image size-large\"><a href=\"http:\/\/www.musikverein-puchenau.net\/wp-content\/uploads\/2023\/01\/IMG_5793-scaled.jpg\"><img decoding=\"async\" loading=\"lazy\" width=\"768\" height=\"1024\" data-id=\"929\"  src=\"http:\/\/www.musikverein-puchenau.net\/wp-content\/uploads\/2023\/01\/IMG_5793-768x1024.jpg\" alt=\"\" class=\"wp-image-929\" srcset=\"http:\/\/www.musikverein-puchenau.net\/wp-content\/uploads\/2023\/01\/IMG_5793-768x1024.jpg 768w, http:\/\/www.musikverein-puchenau.net\/wp-content\/uploads\/2023\/01\/IMG_5793-225x300.jpg 225w, http:\/\/www.musikverein-puchenau.net\/wp-content\/uploads\/2023\/01\/IMG_5793-1152x1536.jpg 1152w, http:\/\/www.musikverein-puchenau.net\/wp-content\/uploads\/2023\/01\/IMG_5793-1536x2048.jpg 1536w, http:\/\/www.musikverein-puchenau.net\/wp-content\/uploads\/2023\/01\/IMG_5793-scaled.jpg 1920w\" sizes=\"(max-width: 768px) 100vw, 768px\" \/><\/a><\/figure>\n\n\n\n<figure class=\"wp-block-image size-large\"><a href=\"http:\/\/www.musikverein-puchenau.net\/wp-content\/uploads\/2023\/01\/IMG_5799-scaled.jpg\"><img decoding=\"async\" loading=\"lazy\" width=\"1024\" height=\"768\" data-id=\"930\"  src=\"http:\/\/www.musikverein-puchenau.net\/wp-content\/uploads\/2023\/01\/IMG_5799-1024x768.jpg\" alt=\"\" class=\"wp-image-930\" srcset=\"http:\/\/www.musikverein-puchenau.net\/wp-content\/uploads\/2023\/01\/IMG_5799-1024x768.jpg 1024w, http:\/\/www.musikverein-puchenau.net\/wp-content\/uploads\/2023\/01\/IMG_5799-300x225.jpg 300w, http:\/\/www.musikverein-puchenau.net\/wp-content\/uploads\/2023\/01\/IMG_5799-768x576.jpg 768w, http:\/\/www.musikverein-puchenau.net\/wp-content\/uploads\/2023\/01\/IMG_5799-1536x1152.jpg 1536w, http:\/\/www.musikverein-puchenau.net\/wp-content\/uploads\/2023\/01\/IMG_5799-2048x1536.jpg 2048w\" sizes=\"(max-width: 1024px) 100vw, 1024px\" \/><\/a><\/figure>\n\n\n\n<figure class=\"wp-block-image size-large\"><a href=\"http:\/\/www.musikverein-puchenau.net\/wp-content\/uploads\/2023\/01\/IMG_5788-scaled.jpg\"><img decoding=\"async\" loading=\"lazy\" width=\"768\" height=\"1024\" data-id=\"927\"  src=\"http:\/\/www.musikverein-puchenau.net\/wp-content\/uploads\/2023\/01\/IMG_5788-768x1024.jpg\" alt=\"\" class=\"wp-image-927\" srcset=\"http:\/\/www.musikverein-puchenau.net\/wp-content\/uploads\/2023\/01\/IMG_5788-768x1024.jpg 768w, http:\/\/www.musikverein-puchenau.net\/wp-content\/uploads\/2023\/01\/IMG_5788-225x300.jpg 225w, http:\/\/www.musikverein-puchenau.net\/wp-content\/uploads\/2023\/01\/IMG_5788-1152x1536.jpg 1152w, http:\/\/www.musikverein-puchenau.net\/wp-content\/uploads\/2023\/01\/IMG_5788-1536x2048.jpg 1536w, http:\/\/www.musikverein-puchenau.net\/wp-content\/uploads\/2023\/01\/IMG_5788-scaled.jpg 1920w\" sizes=\"(max-width: 768px) 100vw, 768px\" \/><\/a><\/figure>\n\n\n\n<figure class=\"wp-block-image size-large\"><a href=\"http:\/\/www.musikverein-puchenau.net\/wp-content\/uploads\/2023\/01\/IMG_5782-scaled.jpg\"><img decoding=\"async\" loading=\"lazy\" width=\"768\" height=\"1024\" data-id=\"926\"  src=\"http:\/\/www.musikverein-puchenau.net\/wp-content\/uploads\/2023\/01\/IMG_5782-768x1024.jpg\" alt=\"\" class=\"wp-image-926\" srcset=\"http:\/\/www.musikverein-puchenau.net\/wp-content\/uploads\/2023\/01\/IMG_5782-768x1024.jpg 768w, http:\/\/www.musikverein-puchenau.net\/wp-content\/uploads\/2023\/01\/IMG_5782-225x300.jpg 225w, http:\/\/www.musikverein-puchenau.net\/wp-content\/uploads\/2023\/01\/IMG_5782-1152x1536.jpg 1152w, http:\/\/www.musikverein-puchenau.net\/wp-content\/uploads\/2023\/01\/IMG_5782-1536x2048.jpg 1536w, http:\/\/www.musikverein-puchenau.net\/wp-content\/uploads\/2023\/01\/IMG_5782-scaled.jpg 1920w\" sizes=\"(max-width: 768px) 100vw, 768px\" \/><\/a><\/figure>\n<\/figure>\n","protected":false},"excerpt":{"rendered":"<p>Am 17. Dezember 2022 veranstalteten wir unsere Weihnachtsfeier der Jugendkapelle. Als erstes ging es mit dem Zug nach Linz zu den Mission Games wo wir &hellip; <span class=\"screen-reader-text\"> &#8222;Weihnachtsfeier 17.12.2022&#8220;<\/span><\/p>\n","protected":false},"author":1,"featured_media":0,"parent":0,"menu_order":0,"comment_status":"closed","ping_status":"closed","template":"","meta":[],"_links":{"self":[{"href":"http:\/\/www.musikverein-puchenau.net\/index.php?rest_route=\/wp\/v2\/pages\/958"}],"collection":[{"href":"http:\/\/www.musikverein-puchenau.net\/index.php?rest_route=\/wp\/v2\/pages"}],"about":[{"href":"http:\/\/www.musikverein-puchenau.net\/index.php?rest_route=\/wp\/v2\/types\/page"}],"author":[{"embeddable":true,"href":"http:\/\/www.musikverein-puchenau.net\/index.php?rest_route=\/wp\/v2\/users\/1"}],"replies":[{"embeddable":true,"href":"http:\/\/www.musikverein-puchenau.net\/index.php?rest_route=%2Fwp%2Fv2%2Fcomments&post=958"}],"version-history":[{"count":4,"href":"http:\/\/www.musikverein-puchenau.net\/index.php?rest_route=\/wp\/v2\/pages\/958\/revisions"}],"predecessor-version":[{"id":983,"href":"http:\/\/www.musikverein-puchenau.net\/index.php?rest_route=\/wp\/v2\/pages\/958\/revisions\/983"}],"wp:attachment":[{"href":"http:\/\/www.musikverein-puchenau.net\/index.php?rest_route=%2Fwp%2Fv2%2Fmedia&parent=958"}],"curies":[{"name":"wp","href":"https:\/\/api.w.org\/{rel}","templated":true}]}}