{"id":24,"date":"2014-08-15T11:46:07","date_gmt":"2014-08-15T09:46:07","guid":{"rendered":"http:\/\/www.musikverein-puchenau.net\/?page_id=24"},"modified":"2025-06-07T18:16:50","modified_gmt":"2025-06-07T16:16:50","slug":"vorstand","status":"publish","type":"page","link":"http:\/\/www.musikverein-puchenau.net\/?page_id=24","title":{"rendered":"Kontakt"},"content":{"rendered":"\n<p><\/p>\n\n\n<p><strong>Musikverein Puchenau<br \/><\/strong>Wilheringer Stra\u00dfe 14<br \/>4048 Puchenau<\/p>\n<p>+43 650 8802171<br \/>mv.puchenau@gmail.com<\/p>\n<p><strong>Ansprechpersonen<\/strong><strong><br \/><\/strong>Obmann Manuel Grubm\u00fcller<\/p>\n<h6><a href=\"http:\/\/www.musikverein-puchenau.net\/wp-content\/uploads\/2014\/08\/20151114-1141.jpg\"><img decoding=\"async\" loading=\"lazy\" class=\"wp-image-344 alignnone\" src=\"http:\/\/www.musikverein-puchenau.net\/wp-content\/uploads\/2014\/08\/20151114-1141-200x300.jpg\" alt=\"Musikverein Puchenau - Herbstkonzert: CELEBRATIONS - 10 Jahre Kapellmeister Johann Kirschner - Ein musikalischer Querschnitt; Puchenau, Buchensaal, 14.11.2015; Foto: Guenther Groeger \u00a9grox, Kultur- &amp; Pressefotograf; www.groxpressimages.at\" width=\"100\" height=\"150\" srcset=\"http:\/\/www.musikverein-puchenau.net\/wp-content\/uploads\/2014\/08\/20151114-1141-200x300.jpg 200w, http:\/\/www.musikverein-puchenau.net\/wp-content\/uploads\/2014\/08\/20151114-1141.jpg 400w\" sizes=\"(max-width: 100px) 100vw, 100px\" \/><\/a><\/h6>\n<p>Stellvertreterin Barbara Grubm\u00fcller<br \/>Stellvertreter BGM Friedrich Geyrhofer, MBA<\/p>\n<p>Kapellmeister Samuel Aub\u00f6ck<br \/><a href=\"http:\/\/www.musikverein-puchenau.net\/wp-content\/uploads\/2022\/06\/IMGP2821-scaled.jpg\"><img decoding=\"async\" loading=\"lazy\" class=\"alignnone  wp-image-665\" src=\"http:\/\/www.musikverein-puchenau.net\/wp-content\/uploads\/2022\/06\/IMGP2821-150x150.jpg\" alt=\"\" width=\"134\" height=\"134\" \/><\/a><br \/>+43 699 18352334<\/p>\n<p>Leitung der Jugendkapelle: Anna Gierlinger<\/p>\n<p>Jugendreferentin: Lena Enzenhofer (+43 664\/5250295)<\/p>\n<p>Jugendreferentin-Stv.: Anna Gierlinger und Natalie Hartl<\/p>\n\n\n<figure class=\"wp-block-image size-large\"><a href=\"http:\/\/www.musikverein-puchenau.net\/wp-content\/uploads\/2025\/06\/PHOTO-2025-05-27-15-47-27.jpg\"><img decoding=\"async\" loading=\"lazy\" width=\"1024\" height=\"683\" src=\"http:\/\/www.musikverein-puchenau.net\/wp-content\/uploads\/2025\/06\/PHOTO-2025-05-27-15-47-27-1024x683.jpg\" alt=\"\" class=\"wp-image-1579\" srcset=\"http:\/\/www.musikverein-puchenau.net\/wp-content\/uploads\/2025\/06\/PHOTO-2025-05-27-15-47-27-1024x683.jpg 1024w, http:\/\/www.musikverein-puchenau.net\/wp-content\/uploads\/2025\/06\/PHOTO-2025-05-27-15-47-27-300x200.jpg 300w, http:\/\/www.musikverein-puchenau.net\/wp-content\/uploads\/2025\/06\/PHOTO-2025-05-27-15-47-27-768x512.jpg 768w, http:\/\/www.musikverein-puchenau.net\/wp-content\/uploads\/2025\/06\/PHOTO-2025-05-27-15-47-27-1536x1024.jpg 1536w, http:\/\/www.musikverein-puchenau.net\/wp-content\/uploads\/2025\/06\/PHOTO-2025-05-27-15-47-27.jpg 2048w\" sizes=\"(max-width: 1024px) 100vw, 1024px\" \/><\/a><\/figure>\n","protected":false},"excerpt":{"rendered":"<p>Musikverein PuchenauWilheringer Stra\u00dfe 144048 Puchenau +43 650 8802171mv.puchenau@gmail.com AnsprechpersonenObmann Manuel Grubm\u00fcller Stellvertreterin Barbara Grubm\u00fcllerStellvertreter BGM Friedrich Geyrhofer, MBA Kapellmeister Samuel Aub\u00f6ck+43 699 18352334 Leitung der &hellip; <span class=\"screen-reader-text\"> &#8222;Kontakt&#8220;<\/span><\/p>\n","protected":false},"author":2,"featured_media":0,"parent":0,"menu_order":0,"comment_status":"closed","ping_status":"closed","template":"","meta":[],"_links":{"self":[{"href":"http:\/\/www.musikverein-puchenau.net\/index.php?rest_route=\/wp\/v2\/pages\/24"}],"collection":[{"href":"http:\/\/www.musikverein-puchenau.net\/index.php?rest_route=\/wp\/v2\/pages"}],"about":[{"href":"http:\/\/www.musikverein-puchenau.net\/index.php?rest_route=\/wp\/v2\/types\/page"}],"author":[{"embeddable":true,"href":"http:\/\/www.musikverein-puchenau.net\/index.php?rest_route=\/wp\/v2\/users\/2"}],"replies":[{"embeddable":true,"href":"http:\/\/www.musikverein-puchenau.net\/index.php?rest_route=%2Fwp%2Fv2%2Fcomments&post=24"}],"version-history":[{"count":51,"href":"http:\/\/www.musikverein-puchenau.net\/index.php?rest_route=\/wp\/v2\/pages\/24\/revisions"}],"predecessor-version":[{"id":1588,"href":"http:\/\/www.musikverein-puchenau.net\/index.php?rest_route=\/wp\/v2\/pages\/24\/revisions\/1588"}],"wp:attachment":[{"href":"http:\/\/www.musikverein-puchenau.net\/index.php?rest_route=%2Fwp%2Fv2%2Fmedia&parent=24"}],"curies":[{"name":"wp","href":"https:\/\/api.w.org\/{rel}","templated":true}]}}