{"id":22,"date":"2014-08-15T12:02:50","date_gmt":"2014-08-15T10:02:50","guid":{"rendered":"http:\/\/www.musikverein-puchenau.net\/?page_id=22"},"modified":"2025-07-25T21:13:25","modified_gmt":"2025-07-25T19:13:25","slug":"jungmusiker","status":"publish","type":"page","link":"http:\/\/www.musikverein-puchenau.net\/?page_id=22","title":{"rendered":"Jugendkapelle"},"content":{"rendered":"<p><strong>Herzlich Willkommen bei der\u00a0&#8230;.<\/strong><\/p>\n<p><a href=\"http:\/\/www.musikverein-puchenau.net\/wp-content\/uploads\/2025\/02\/LOGO-OPUS-Jungmusiker-zweifaerbig-scaled.jpg\"><img decoding=\"async\" loading=\"lazy\" class=\"alignnone size-medium wp-image-1468\" src=\"http:\/\/www.musikverein-puchenau.net\/wp-content\/uploads\/2025\/02\/LOGO-OPUS-Jungmusiker-zweifaerbig-300x116.jpg\" alt=\"\" width=\"300\" height=\"116\" srcset=\"http:\/\/www.musikverein-puchenau.net\/wp-content\/uploads\/2025\/02\/LOGO-OPUS-Jungmusiker-zweifaerbig-300x116.jpg 300w, http:\/\/www.musikverein-puchenau.net\/wp-content\/uploads\/2025\/02\/LOGO-OPUS-Jungmusiker-zweifaerbig-1024x395.jpg 1024w, http:\/\/www.musikverein-puchenau.net\/wp-content\/uploads\/2025\/02\/LOGO-OPUS-Jungmusiker-zweifaerbig-768x296.jpg 768w, http:\/\/www.musikverein-puchenau.net\/wp-content\/uploads\/2025\/02\/LOGO-OPUS-Jungmusiker-zweifaerbig-1536x592.jpg 1536w, http:\/\/www.musikverein-puchenau.net\/wp-content\/uploads\/2025\/02\/LOGO-OPUS-Jungmusiker-zweifaerbig-2048x790.jpg 2048w\" sizes=\"(max-width: 300px) 100vw, 300px\" \/><\/a><\/p>\n<p style=\"font-weight: 400;\">\u00a0<\/p>\n<p style=\"font-weight: 400;\">Hallo, wir sind OPus Jungmusik! Ein Jugendblasorchester, das Ottensheim und Puchenau musikalisch vereint.<\/p>\n<p style=\"font-weight: 400;\">Wir proben bereits seit November 2023 miteinander, da es gemeinsam noch viel mehr Spa\u00df macht! Bei uns steht nicht nur die Musik jeden Freitagabend in der Probe am Programm, sondern auch ganz viel Spa\u00df und Gemeinschaft. Unser Wirken ist \u00fcber die Ortsgrenzen hinaus sp\u00fcrbar. Die Jugendkapelle soll jungen Musiker*innen den Einstieg in die Musikkapelle erleichtern, indem das Zusammenspiel im gesch\u00fctzten Rahmen erprobt wird.<\/p>\n<p style=\"font-weight: 400;\">Du m\u00f6chtest auch ein Teil von OPus Jungmusik werden? Dann melde dich gerne bei unseren Jugendreferentinnen Musikverein Puchenau: Lena Enzenhofer (enzenhoferlena@gmail.com) und Musikverein Ottensheim: Franziska (franziska.maria.lehner@gmx.at) und besuche uns in einer Probe. Wir freuen uns auf dich!<\/p>\n<p style=\"font-weight: 400;\"><strong>LEIHINSTRUMENTE<\/strong><\/p>\n<p style=\"font-weight: 400;\">Wenn du in die Musikschule gehst und ein Leihinstrument ben\u00f6tigst, kannst du dich gerne jederzeit bei unserem Obmann Manuel Grubm\u00fcller (0650 8802171) melden. Je nach Verf\u00fcgbarkeit k\u00f6nnen wir gerne ein Instrument verleihen.<\/p>\n<p style=\"font-weight: 400;\"><strong>GALERIE<\/strong><\/p>\n<p style=\"font-weight: 400;\">M\u00f6chtest du Bilder sehen, was du mit OPus alles erleben kannst? Dann klicke dich gerne durch unsere Galerie. Dort findest du Eindr\u00fccke von unseren letzten Konzerten und Aktivit\u00e4ten.<\/p>\n<p><a href=\"http:\/\/www.musikverein-puchenau.net\/wp-content\/uploads\/2025\/06\/Muttertag_2025-scaled.jpg\"><img decoding=\"async\" loading=\"lazy\" class=\"alignnone size-medium wp-image-1571\" src=\"http:\/\/www.musikverein-puchenau.net\/wp-content\/uploads\/2025\/06\/Muttertag_2025-300x192.jpg\" alt=\"\" width=\"300\" height=\"192\" srcset=\"http:\/\/www.musikverein-puchenau.net\/wp-content\/uploads\/2025\/06\/Muttertag_2025-300x192.jpg 300w, http:\/\/www.musikverein-puchenau.net\/wp-content\/uploads\/2025\/06\/Muttertag_2025-1024x656.jpg 1024w, http:\/\/www.musikverein-puchenau.net\/wp-content\/uploads\/2025\/06\/Muttertag_2025-768x492.jpg 768w, http:\/\/www.musikverein-puchenau.net\/wp-content\/uploads\/2025\/06\/Muttertag_2025-1536x983.jpg 1536w, http:\/\/www.musikverein-puchenau.net\/wp-content\/uploads\/2025\/06\/Muttertag_2025-2048x1311.jpg 2048w\" sizes=\"(max-width: 300px) 100vw, 300px\" \/><\/a><\/p>\n\n\n<div class=\"wp-block-file\"><object class=\"wp-block-file__embed\" data=\"http:\/\/www.musikverein-puchenau.net\/wp-content\/uploads\/2025\/02\/OPus-Jungmusik-Flyer-1.pdf\" type=\"application\/pdf\" style=\"width:100%;height:600px\" aria-label=\"Einbettung von OPus-Jungmusik-Flyer-1.\"><\/object><a id=\"wp-block-file--media-0d9733ca-93f7-4240-9278-d8538c6b426f\" href=\"http:\/\/www.musikverein-puchenau.net\/wp-content\/uploads\/2025\/02\/OPus-Jungmusik-Flyer-1.pdf\">OPus-Jungmusik-Flyer-1<\/a><a href=\"http:\/\/www.musikverein-puchenau.net\/wp-content\/uploads\/2025\/02\/OPus-Jungmusik-Flyer-1.pdf\" class=\"wp-block-file__button wp-element-button\" download aria-describedby=\"wp-block-file--media-0d9733ca-93f7-4240-9278-d8538c6b426f\">Herunterladen<\/a><\/div>\n","protected":false},"excerpt":{"rendered":"<p>Herzlich Willkommen bei der\u00a0&#8230;. \u00a0 Hallo, wir sind OPus Jungmusik! Ein Jugendblasorchester, das Ottensheim und Puchenau musikalisch vereint. Wir proben bereits seit November 2023 miteinander, &hellip; <span class=\"screen-reader-text\"> &#8222;Jugendkapelle&#8220;<\/span><\/p>\n","protected":false},"author":3,"featured_media":0,"parent":0,"menu_order":0,"comment_status":"closed","ping_status":"closed","template":"","meta":[],"_links":{"self":[{"href":"http:\/\/www.musikverein-puchenau.net\/index.php?rest_route=\/wp\/v2\/pages\/22"}],"collection":[{"href":"http:\/\/www.musikverein-puchenau.net\/index.php?rest_route=\/wp\/v2\/pages"}],"about":[{"href":"http:\/\/www.musikverein-puchenau.net\/index.php?rest_route=\/wp\/v2\/types\/page"}],"author":[{"embeddable":true,"href":"http:\/\/www.musikverein-puchenau.net\/index.php?rest_route=\/wp\/v2\/users\/3"}],"replies":[{"embeddable":true,"href":"http:\/\/www.musikverein-puchenau.net\/index.php?rest_route=%2Fwp%2Fv2%2Fcomments&post=22"}],"version-history":[{"count":23,"href":"http:\/\/www.musikverein-puchenau.net\/index.php?rest_route=\/wp\/v2\/pages\/22\/revisions"}],"predecessor-version":[{"id":1591,"href":"http:\/\/www.musikverein-puchenau.net\/index.php?rest_route=\/wp\/v2\/pages\/22\/revisions\/1591"}],"wp:attachment":[{"href":"http:\/\/www.musikverein-puchenau.net\/index.php?rest_route=%2Fwp%2Fv2%2Fmedia&parent=22"}],"curies":[{"name":"wp","href":"https:\/\/api.w.org\/{rel}","templated":true}]}}