{"id":1592,"date":"2025-07-25T21:33:48","date_gmt":"2025-07-25T19:33:48","guid":{"rendered":"http:\/\/www.musikverein-puchenau.net\/?page_id=1592"},"modified":"2025-07-25T21:33:48","modified_gmt":"2025-07-25T19:33:48","slug":"volksschule-zu-besuch","status":"publish","type":"page","link":"http:\/\/www.musikverein-puchenau.net\/?page_id=1592","title":{"rendered":"Volksschule zu Besuch"},"content":{"rendered":"\n<p>In der letzten Schulwoche durften wir die 3. Klassen der Volksschule Puchenau bei uns im Musikheim begr\u00fc\u00dfen! <\/p>\n\n\n\n<p>Dank der gro\u00dfartigen Unterst\u00fctzung unserer Musikschullehrer*innen Doris, Gerd und Raphael konnten die Kinder auf spielerische Weise die bunte Welt der Instrumente entdecken. <\/p>\n\n\n\n<p>Sie durften nicht nur alles fragen und ausprobieren, sondern auch selbst kreativ werden:<br>~ ein kleines Instrument basteln<br>~ musikalische R\u00e4tsel l\u00f6sen<br>~ und gemeinsam mit Boomwhackers musizieren \u2013 voller Spa\u00df und Energie! <\/p>\n\n\n\n<p>Zum Abschluss wurde noch fr\u00f6hlich marschiert \u2013 denn das geh\u00f6rt zur Blasmusik einfach dazu! <\/p>\n\n\n\n<p>Ein herzliches Dankesch\u00f6n f\u00fcr euren Besuch \u2013 es war uns eine Freude! <\/p>\n\n\n\n<h1><\/h1>\n\n\n\n<figure class=\"is-layout-flex wp-block-gallery-1 wp-block-gallery has-nested-images columns-default is-cropped\">\n<figure class=\"wp-block-image size-large\"><a href=\"http:\/\/www.musikverein-puchenau.net\/wp-content\/uploads\/2025\/07\/WhatsApp-Bild-2025-07-24-um-15.22.26_1f5a88a4-1.jpg\"><img decoding=\"async\" loading=\"lazy\" width=\"1024\" height=\"768\" data-id=\"1594\"  src=\"http:\/\/www.musikverein-puchenau.net\/wp-content\/uploads\/2025\/07\/WhatsApp-Bild-2025-07-24-um-15.22.26_1f5a88a4-1-1024x768.jpg\" alt=\"\" class=\"wp-image-1594\" srcset=\"http:\/\/www.musikverein-puchenau.net\/wp-content\/uploads\/2025\/07\/WhatsApp-Bild-2025-07-24-um-15.22.26_1f5a88a4-1-1024x768.jpg 1024w, http:\/\/www.musikverein-puchenau.net\/wp-content\/uploads\/2025\/07\/WhatsApp-Bild-2025-07-24-um-15.22.26_1f5a88a4-1-300x225.jpg 300w, http:\/\/www.musikverein-puchenau.net\/wp-content\/uploads\/2025\/07\/WhatsApp-Bild-2025-07-24-um-15.22.26_1f5a88a4-1-768x576.jpg 768w, http:\/\/www.musikverein-puchenau.net\/wp-content\/uploads\/2025\/07\/WhatsApp-Bild-2025-07-24-um-15.22.26_1f5a88a4-1-1536x1152.jpg 1536w, http:\/\/www.musikverein-puchenau.net\/wp-content\/uploads\/2025\/07\/WhatsApp-Bild-2025-07-24-um-15.22.26_1f5a88a4-1.jpg 1600w\" sizes=\"(max-width: 1024px) 100vw, 1024px\" \/><\/a><\/figure>\n\n\n\n<figure class=\"wp-block-image size-large\"><a href=\"http:\/\/www.musikverein-puchenau.net\/wp-content\/uploads\/2025\/07\/WhatsApp-Bild-2025-07-24-um-15.22.26_940f7276.jpg\"><img decoding=\"async\" loading=\"lazy\" width=\"1024\" height=\"769\" data-id=\"1595\"  src=\"http:\/\/www.musikverein-puchenau.net\/wp-content\/uploads\/2025\/07\/WhatsApp-Bild-2025-07-24-um-15.22.26_940f7276-1024x769.jpg\" alt=\"\" class=\"wp-image-1595\" srcset=\"http:\/\/www.musikverein-puchenau.net\/wp-content\/uploads\/2025\/07\/WhatsApp-Bild-2025-07-24-um-15.22.26_940f7276-1024x769.jpg 1024w, http:\/\/www.musikverein-puchenau.net\/wp-content\/uploads\/2025\/07\/WhatsApp-Bild-2025-07-24-um-15.22.26_940f7276-300x225.jpg 300w, http:\/\/www.musikverein-puchenau.net\/wp-content\/uploads\/2025\/07\/WhatsApp-Bild-2025-07-24-um-15.22.26_940f7276-768x576.jpg 768w, http:\/\/www.musikverein-puchenau.net\/wp-content\/uploads\/2025\/07\/WhatsApp-Bild-2025-07-24-um-15.22.26_940f7276-1536x1153.jpg 1536w, http:\/\/www.musikverein-puchenau.net\/wp-content\/uploads\/2025\/07\/WhatsApp-Bild-2025-07-24-um-15.22.26_940f7276.jpg 1600w\" sizes=\"(max-width: 1024px) 100vw, 1024px\" \/><\/a><\/figure>\n\n\n\n<figure class=\"wp-block-image size-large\"><a href=\"http:\/\/www.musikverein-puchenau.net\/wp-content\/uploads\/2025\/07\/WhatsApp-Bild-2025-07-24-um-15.22.27_1de057cf.jpg\"><img decoding=\"async\" loading=\"lazy\" width=\"768\" height=\"1024\" data-id=\"1600\"  src=\"http:\/\/www.musikverein-puchenau.net\/wp-content\/uploads\/2025\/07\/WhatsApp-Bild-2025-07-24-um-15.22.27_1de057cf-768x1024.jpg\" alt=\"\" class=\"wp-image-1600\" srcset=\"http:\/\/www.musikverein-puchenau.net\/wp-content\/uploads\/2025\/07\/WhatsApp-Bild-2025-07-24-um-15.22.27_1de057cf-768x1024.jpg 768w, http:\/\/www.musikverein-puchenau.net\/wp-content\/uploads\/2025\/07\/WhatsApp-Bild-2025-07-24-um-15.22.27_1de057cf-225x300.jpg 225w, http:\/\/www.musikverein-puchenau.net\/wp-content\/uploads\/2025\/07\/WhatsApp-Bild-2025-07-24-um-15.22.27_1de057cf-1152x1536.jpg 1152w, http:\/\/www.musikverein-puchenau.net\/wp-content\/uploads\/2025\/07\/WhatsApp-Bild-2025-07-24-um-15.22.27_1de057cf.jpg 1200w\" sizes=\"(max-width: 768px) 100vw, 768px\" \/><\/a><\/figure>\n\n\n\n<figure class=\"wp-block-image size-large\"><a href=\"http:\/\/www.musikverein-puchenau.net\/wp-content\/uploads\/2025\/07\/WhatsApp-Bild-2025-07-24-um-15.22.27_7b8dd72e.jpg\"><img decoding=\"async\" loading=\"lazy\" width=\"891\" height=\"1024\" data-id=\"1599\"  src=\"http:\/\/www.musikverein-puchenau.net\/wp-content\/uploads\/2025\/07\/WhatsApp-Bild-2025-07-24-um-15.22.27_7b8dd72e-891x1024.jpg\" alt=\"\" class=\"wp-image-1599\" srcset=\"http:\/\/www.musikverein-puchenau.net\/wp-content\/uploads\/2025\/07\/WhatsApp-Bild-2025-07-24-um-15.22.27_7b8dd72e-891x1024.jpg 891w, http:\/\/www.musikverein-puchenau.net\/wp-content\/uploads\/2025\/07\/WhatsApp-Bild-2025-07-24-um-15.22.27_7b8dd72e-261x300.jpg 261w, http:\/\/www.musikverein-puchenau.net\/wp-content\/uploads\/2025\/07\/WhatsApp-Bild-2025-07-24-um-15.22.27_7b8dd72e-768x883.jpg 768w, http:\/\/www.musikverein-puchenau.net\/wp-content\/uploads\/2025\/07\/WhatsApp-Bild-2025-07-24-um-15.22.27_7b8dd72e-1336x1536.jpg 1336w, http:\/\/www.musikverein-puchenau.net\/wp-content\/uploads\/2025\/07\/WhatsApp-Bild-2025-07-24-um-15.22.27_7b8dd72e.jpg 1392w\" sizes=\"(max-width: 891px) 100vw, 891px\" \/><\/a><\/figure>\n\n\n\n<figure class=\"wp-block-image size-large\"><a href=\"http:\/\/www.musikverein-puchenau.net\/wp-content\/uploads\/2025\/07\/WhatsApp-Bild-2025-07-24-um-15.22.27_a77f8457.jpg\"><img decoding=\"async\" loading=\"lazy\" width=\"1024\" height=\"768\" data-id=\"1597\"  src=\"http:\/\/www.musikverein-puchenau.net\/wp-content\/uploads\/2025\/07\/WhatsApp-Bild-2025-07-24-um-15.22.27_a77f8457-1024x768.jpg\" alt=\"\" class=\"wp-image-1597\" srcset=\"http:\/\/www.musikverein-puchenau.net\/wp-content\/uploads\/2025\/07\/WhatsApp-Bild-2025-07-24-um-15.22.27_a77f8457-1024x768.jpg 1024w, http:\/\/www.musikverein-puchenau.net\/wp-content\/uploads\/2025\/07\/WhatsApp-Bild-2025-07-24-um-15.22.27_a77f8457-300x225.jpg 300w, http:\/\/www.musikverein-puchenau.net\/wp-content\/uploads\/2025\/07\/WhatsApp-Bild-2025-07-24-um-15.22.27_a77f8457-768x576.jpg 768w, http:\/\/www.musikverein-puchenau.net\/wp-content\/uploads\/2025\/07\/WhatsApp-Bild-2025-07-24-um-15.22.27_a77f8457-1536x1152.jpg 1536w, http:\/\/www.musikverein-puchenau.net\/wp-content\/uploads\/2025\/07\/WhatsApp-Bild-2025-07-24-um-15.22.27_a77f8457.jpg 1600w\" sizes=\"(max-width: 1024px) 100vw, 1024px\" \/><\/a><\/figure>\n\n\n\n<figure class=\"wp-block-image size-large\"><a href=\"http:\/\/www.musikverein-puchenau.net\/wp-content\/uploads\/2025\/07\/WhatsApp-Bild-2025-07-24-um-15.22.27_e1f96a3c.jpg\"><img decoding=\"async\" loading=\"lazy\" width=\"768\" height=\"1024\" data-id=\"1598\"  src=\"http:\/\/www.musikverein-puchenau.net\/wp-content\/uploads\/2025\/07\/WhatsApp-Bild-2025-07-24-um-15.22.27_e1f96a3c-768x1024.jpg\" alt=\"\" class=\"wp-image-1598\" srcset=\"http:\/\/www.musikverein-puchenau.net\/wp-content\/uploads\/2025\/07\/WhatsApp-Bild-2025-07-24-um-15.22.27_e1f96a3c-768x1024.jpg 768w, http:\/\/www.musikverein-puchenau.net\/wp-content\/uploads\/2025\/07\/WhatsApp-Bild-2025-07-24-um-15.22.27_e1f96a3c-225x300.jpg 225w, http:\/\/www.musikverein-puchenau.net\/wp-content\/uploads\/2025\/07\/WhatsApp-Bild-2025-07-24-um-15.22.27_e1f96a3c-1152x1536.jpg 1152w, http:\/\/www.musikverein-puchenau.net\/wp-content\/uploads\/2025\/07\/WhatsApp-Bild-2025-07-24-um-15.22.27_e1f96a3c.jpg 1200w\" sizes=\"(max-width: 768px) 100vw, 768px\" \/><\/a><\/figure>\n\n\n\n<figure class=\"wp-block-image size-large\"><a href=\"http:\/\/www.musikverein-puchenau.net\/wp-content\/uploads\/2025\/07\/WhatsApp-Bild-2025-07-24-um-15.22.27_f7d2b597.jpg\"><img decoding=\"async\" loading=\"lazy\" width=\"768\" height=\"1024\" data-id=\"1596\"  src=\"http:\/\/www.musikverein-puchenau.net\/wp-content\/uploads\/2025\/07\/WhatsApp-Bild-2025-07-24-um-15.22.27_f7d2b597-768x1024.jpg\" alt=\"\" class=\"wp-image-1596\" srcset=\"http:\/\/www.musikverein-puchenau.net\/wp-content\/uploads\/2025\/07\/WhatsApp-Bild-2025-07-24-um-15.22.27_f7d2b597-768x1024.jpg 768w, http:\/\/www.musikverein-puchenau.net\/wp-content\/uploads\/2025\/07\/WhatsApp-Bild-2025-07-24-um-15.22.27_f7d2b597-225x300.jpg 225w, http:\/\/www.musikverein-puchenau.net\/wp-content\/uploads\/2025\/07\/WhatsApp-Bild-2025-07-24-um-15.22.27_f7d2b597-1152x1536.jpg 1152w, http:\/\/www.musikverein-puchenau.net\/wp-content\/uploads\/2025\/07\/WhatsApp-Bild-2025-07-24-um-15.22.27_f7d2b597.jpg 1200w\" sizes=\"(max-width: 768px) 100vw, 768px\" \/><\/a><\/figure>\n<\/figure>\n","protected":false},"excerpt":{"rendered":"<p>In der letzten Schulwoche durften wir die 3. Klassen der Volksschule Puchenau bei uns im Musikheim begr\u00fc\u00dfen! Dank der gro\u00dfartigen Unterst\u00fctzung unserer Musikschullehrer*innen Doris, Gerd &hellip; <span class=\"screen-reader-text\"> &#8222;Volksschule zu Besuch&#8220;<\/span><\/p>\n","protected":false},"author":3,"featured_media":0,"parent":0,"menu_order":0,"comment_status":"closed","ping_status":"closed","template":"","meta":[],"_links":{"self":[{"href":"http:\/\/www.musikverein-puchenau.net\/index.php?rest_route=\/wp\/v2\/pages\/1592"}],"collection":[{"href":"http:\/\/www.musikverein-puchenau.net\/index.php?rest_route=\/wp\/v2\/pages"}],"about":[{"href":"http:\/\/www.musikverein-puchenau.net\/index.php?rest_route=\/wp\/v2\/types\/page"}],"author":[{"embeddable":true,"href":"http:\/\/www.musikverein-puchenau.net\/index.php?rest_route=\/wp\/v2\/users\/3"}],"replies":[{"embeddable":true,"href":"http:\/\/www.musikverein-puchenau.net\/index.php?rest_route=%2Fwp%2Fv2%2Fcomments&post=1592"}],"version-history":[{"count":1,"href":"http:\/\/www.musikverein-puchenau.net\/index.php?rest_route=\/wp\/v2\/pages\/1592\/revisions"}],"predecessor-version":[{"id":1601,"href":"http:\/\/www.musikverein-puchenau.net\/index.php?rest_route=\/wp\/v2\/pages\/1592\/revisions\/1601"}],"wp:attachment":[{"href":"http:\/\/www.musikverein-puchenau.net\/index.php?rest_route=%2Fwp%2Fv2%2Fmedia&parent=1592"}],"curies":[{"name":"wp","href":"https:\/\/api.w.org\/{rel}","templated":true}]}}