{"id":1487,"date":"2025-02-21T12:07:05","date_gmt":"2025-02-21T10:07:05","guid":{"rendered":"http:\/\/www.musikverein-puchenau.net\/?page_id=1487"},"modified":"2025-02-21T12:07:05","modified_gmt":"2025-02-21T10:07:05","slug":"kekserlnachmittag-2024","status":"publish","type":"page","link":"http:\/\/www.musikverein-puchenau.net\/?page_id=1487","title":{"rendered":"Kekserlnachmittag 2024"},"content":{"rendered":"\n<p>Am 14.12.24 stand im Pfarrheim Ottensheim alles im Zeichen der Weihnachtsvorfreude! Denn der sogenannte Kekserlnachmittag wurde von OPus Jungmusik gestaltet und musikalisch umrahmt. Neben ganz vielen Weihnachtsliedern, die an einem solchen Nachmittag nat\u00fcrlich nicht fehlen d\u00fcrfen, gaben die Jungmusiker*innen auch ihre Lieblingsst\u00fccke aus dem gesamten Repertoire zum Besten. Dazwischen wurden immer wieder Gedichte und Geschichten von den jungen Musiker*innen vorgelesen. Es war ein gem\u00fctlicher Nachmittag mit selbstgebackenen Keksen, sowie warmem Tee und einem sch\u00f6nen Ausklang im Anschluss. In diesem Sinne w\u00fcnscht OPus Jungmusik eine sch\u00f6ne und besinnliche Adventzeit!\u00a0<\/p>\n\n\n\n<figure class=\"is-layout-flex wp-block-gallery-1 wp-block-gallery has-nested-images columns-default is-cropped\">\n<figure class=\"wp-block-image size-large\"><a href=\"http:\/\/www.musikverein-puchenau.net\/wp-content\/uploads\/2025\/02\/20241214_143100-scaled.jpg\"><img decoding=\"async\" loading=\"lazy\" width=\"1024\" height=\"768\" data-id=\"1488\"  src=\"http:\/\/www.musikverein-puchenau.net\/wp-content\/uploads\/2025\/02\/20241214_143100-1024x768.jpg\" alt=\"\" class=\"wp-image-1488\" srcset=\"http:\/\/www.musikverein-puchenau.net\/wp-content\/uploads\/2025\/02\/20241214_143100-1024x768.jpg 1024w, http:\/\/www.musikverein-puchenau.net\/wp-content\/uploads\/2025\/02\/20241214_143100-300x225.jpg 300w, http:\/\/www.musikverein-puchenau.net\/wp-content\/uploads\/2025\/02\/20241214_143100-768x576.jpg 768w, http:\/\/www.musikverein-puchenau.net\/wp-content\/uploads\/2025\/02\/20241214_143100-1536x1152.jpg 1536w, http:\/\/www.musikverein-puchenau.net\/wp-content\/uploads\/2025\/02\/20241214_143100-2048x1536.jpg 2048w\" sizes=\"(max-width: 1024px) 100vw, 1024px\" \/><\/a><\/figure>\n\n\n\n<figure class=\"wp-block-image size-large\"><a href=\"http:\/\/www.musikverein-puchenau.net\/wp-content\/uploads\/2025\/02\/20241214_143105-scaled.jpg\"><img decoding=\"async\" loading=\"lazy\" width=\"768\" height=\"1024\" data-id=\"1490\"  src=\"http:\/\/www.musikverein-puchenau.net\/wp-content\/uploads\/2025\/02\/20241214_143105-768x1024.jpg\" alt=\"\" class=\"wp-image-1490\" srcset=\"http:\/\/www.musikverein-puchenau.net\/wp-content\/uploads\/2025\/02\/20241214_143105-768x1024.jpg 768w, http:\/\/www.musikverein-puchenau.net\/wp-content\/uploads\/2025\/02\/20241214_143105-225x300.jpg 225w, http:\/\/www.musikverein-puchenau.net\/wp-content\/uploads\/2025\/02\/20241214_143105-1152x1536.jpg 1152w, http:\/\/www.musikverein-puchenau.net\/wp-content\/uploads\/2025\/02\/20241214_143105-1536x2048.jpg 1536w, http:\/\/www.musikverein-puchenau.net\/wp-content\/uploads\/2025\/02\/20241214_143105-scaled.jpg 1920w\" sizes=\"(max-width: 768px) 100vw, 768px\" \/><\/a><\/figure>\n\n\n\n<figure class=\"wp-block-image size-large\"><a href=\"http:\/\/www.musikverein-puchenau.net\/wp-content\/uploads\/2025\/02\/20241214_143118-scaled.jpg\"><img decoding=\"async\" loading=\"lazy\" width=\"768\" height=\"1024\" data-id=\"1492\"  src=\"http:\/\/www.musikverein-puchenau.net\/wp-content\/uploads\/2025\/02\/20241214_143118-768x1024.jpg\" alt=\"\" class=\"wp-image-1492\" srcset=\"http:\/\/www.musikverein-puchenau.net\/wp-content\/uploads\/2025\/02\/20241214_143118-768x1024.jpg 768w, http:\/\/www.musikverein-puchenau.net\/wp-content\/uploads\/2025\/02\/20241214_143118-225x300.jpg 225w, http:\/\/www.musikverein-puchenau.net\/wp-content\/uploads\/2025\/02\/20241214_143118-1152x1536.jpg 1152w, http:\/\/www.musikverein-puchenau.net\/wp-content\/uploads\/2025\/02\/20241214_143118-1536x2048.jpg 1536w, http:\/\/www.musikverein-puchenau.net\/wp-content\/uploads\/2025\/02\/20241214_143118-scaled.jpg 1920w\" sizes=\"(max-width: 768px) 100vw, 768px\" \/><\/a><\/figure>\n\n\n\n<figure class=\"wp-block-image size-large\"><a href=\"http:\/\/www.musikverein-puchenau.net\/wp-content\/uploads\/2025\/02\/20241214_144654-scaled.jpg\"><img decoding=\"async\" loading=\"lazy\" width=\"768\" height=\"1024\" data-id=\"1489\"  src=\"http:\/\/www.musikverein-puchenau.net\/wp-content\/uploads\/2025\/02\/20241214_144654-768x1024.jpg\" alt=\"\" class=\"wp-image-1489\" srcset=\"http:\/\/www.musikverein-puchenau.net\/wp-content\/uploads\/2025\/02\/20241214_144654-768x1024.jpg 768w, http:\/\/www.musikverein-puchenau.net\/wp-content\/uploads\/2025\/02\/20241214_144654-225x300.jpg 225w, http:\/\/www.musikverein-puchenau.net\/wp-content\/uploads\/2025\/02\/20241214_144654-1152x1536.jpg 1152w, http:\/\/www.musikverein-puchenau.net\/wp-content\/uploads\/2025\/02\/20241214_144654-1536x2048.jpg 1536w, http:\/\/www.musikverein-puchenau.net\/wp-content\/uploads\/2025\/02\/20241214_144654-scaled.jpg 1920w\" sizes=\"(max-width: 768px) 100vw, 768px\" \/><\/a><\/figure>\n\n\n\n<figure class=\"wp-block-image size-large\"><a href=\"http:\/\/www.musikverein-puchenau.net\/wp-content\/uploads\/2025\/02\/20241214_150145-scaled.jpg\"><img decoding=\"async\" loading=\"lazy\" width=\"1024\" height=\"768\" data-id=\"1491\"  src=\"http:\/\/www.musikverein-puchenau.net\/wp-content\/uploads\/2025\/02\/20241214_150145-1024x768.jpg\" alt=\"\" class=\"wp-image-1491\" srcset=\"http:\/\/www.musikverein-puchenau.net\/wp-content\/uploads\/2025\/02\/20241214_150145-1024x768.jpg 1024w, http:\/\/www.musikverein-puchenau.net\/wp-content\/uploads\/2025\/02\/20241214_150145-300x225.jpg 300w, http:\/\/www.musikverein-puchenau.net\/wp-content\/uploads\/2025\/02\/20241214_150145-768x576.jpg 768w, http:\/\/www.musikverein-puchenau.net\/wp-content\/uploads\/2025\/02\/20241214_150145-1536x1152.jpg 1536w, http:\/\/www.musikverein-puchenau.net\/wp-content\/uploads\/2025\/02\/20241214_150145-2048x1536.jpg 2048w\" sizes=\"(max-width: 1024px) 100vw, 1024px\" \/><\/a><\/figure>\n<\/figure>\n","protected":false},"excerpt":{"rendered":"<p>Am 14.12.24 stand im Pfarrheim Ottensheim alles im Zeichen der Weihnachtsvorfreude! Denn der sogenannte Kekserlnachmittag wurde von OPus Jungmusik gestaltet und musikalisch umrahmt. Neben ganz &hellip; <span class=\"screen-reader-text\"> &#8222;Kekserlnachmittag 2024&#8220;<\/span><\/p>\n","protected":false},"author":3,"featured_media":0,"parent":0,"menu_order":0,"comment_status":"closed","ping_status":"closed","template":"","meta":[],"_links":{"self":[{"href":"http:\/\/www.musikverein-puchenau.net\/index.php?rest_route=\/wp\/v2\/pages\/1487"}],"collection":[{"href":"http:\/\/www.musikverein-puchenau.net\/index.php?rest_route=\/wp\/v2\/pages"}],"about":[{"href":"http:\/\/www.musikverein-puchenau.net\/index.php?rest_route=\/wp\/v2\/types\/page"}],"author":[{"embeddable":true,"href":"http:\/\/www.musikverein-puchenau.net\/index.php?rest_route=\/wp\/v2\/users\/3"}],"replies":[{"embeddable":true,"href":"http:\/\/www.musikverein-puchenau.net\/index.php?rest_route=%2Fwp%2Fv2%2Fcomments&post=1487"}],"version-history":[{"count":1,"href":"http:\/\/www.musikverein-puchenau.net\/index.php?rest_route=\/wp\/v2\/pages\/1487\/revisions"}],"predecessor-version":[{"id":1493,"href":"http:\/\/www.musikverein-puchenau.net\/index.php?rest_route=\/wp\/v2\/pages\/1487\/revisions\/1493"}],"wp:attachment":[{"href":"http:\/\/www.musikverein-puchenau.net\/index.php?rest_route=%2Fwp%2Fv2%2Fmedia&parent=1487"}],"curies":[{"name":"wp","href":"https:\/\/api.w.org\/{rel}","templated":true}]}}